{"id":16217,"date":"2023-12-12T22:53:09","date_gmt":"2023-12-12T19:53:09","guid":{"rendered":"https:\/\/nsngumrukleme.com\/?page_id=16217"},"modified":"2023-12-13T00:12:19","modified_gmt":"2023-12-12T21:12:19","slug":"antrepo-hizmetleri-antrepo-yonetimi","status":"publish","type":"page","link":"https:\/\/nsngumrukleme.com\/index.php\/antrepo-hizmetleri-antrepo-yonetimi\/","title":{"rendered":"Antrepo Hizmetleri \/ Antrepo Y\u00f6netimi"},"content":{"rendered":"\n<p>Antrepo hizmetleri ve antrepo y\u00f6netimi, bir i\u015fletmenin \u00fcr\u00fcnlerini etkili ve verimli bir \u015fekilde saklamas\u0131na ve y\u00f6netmesine yard\u0131mc\u0131 olan hizmetlerdir. \u0130\u015fte bu konunun baz\u0131 \u00f6nemli y\u00f6nleri:<\/p>\n\n\n\n<ol class=\"wp-block-list\">\n<li><strong>Stok Y\u00f6netimi<\/strong>: Antrepo y\u00f6netimi, bir i\u015fletmenin stoklar\u0131n\u0131 takip etmesine ve y\u00f6netmesine yard\u0131mc\u0131 olur. Bu, i\u015fletmenin talebi kar\u015f\u0131lamak i\u00e7in yeterli stoklara sahip oldu\u011fundan emin olur.<\/li>\n\n\n\n<li><strong>Lojistik Planlama<\/strong>: Antrepo hizmetleri, bir i\u015fletmenin lojistik operasyonlar\u0131n\u0131 planlamas\u0131na yard\u0131mc\u0131 olur. Bu, i\u015fletmenin \u00fcr\u00fcnlerini etkili ve verimli bir \u015fekilde ta\u015f\u0131mas\u0131n\u0131 sa\u011flar.<\/li>\n\n\n\n<li><strong>Maliyet Etkinlik<\/strong>: Antrepo y\u00f6netimi, bir i\u015fletmenin depolama maliyetlerini en aza indirmesine yard\u0131mc\u0131 olur. Bu, i\u015fletmenin operasyonel maliyetlerini d\u00fc\u015f\u00fcrmeye yard\u0131mc\u0131 olur.<\/li>\n\n\n\n<li><strong>Risk Y\u00f6netimi<\/strong>: Antrepo hizmetleri, i\u015fletmelere potansiyel lojistik riskleri belirleme ve y\u00f6netme konusunda yard\u0131mc\u0131 olur. Bu, i\u015fletmelerin potansiyel kay\u0131plar\u0131 en aza indirmelerine yard\u0131mc\u0131 olur.<\/li>\n\n\n\n<li><strong>Verimlilik<\/strong>: \u0130yi bir antrepo y\u00f6netimi, i\u015fletmenin operasyonlar\u0131n\u0131 daha verimli hale getirir. Bu, i\u015fletmenin m\u00fc\u015fteri hizmetlerini iyile\u015ftirmesine ve i\u015f s\u00fcre\u00e7lerini h\u0131zland\u0131rmas\u0131na yard\u0131mc\u0131 olur.<\/li>\n<\/ol>\n","protected":false},"excerpt":{"rendered":"<p>Antrepo hizmetleri ve antrepo y\u00f6netimi, bir i\u015fletmenin \u00fcr\u00fcnlerini etkili ve verimli bir \u015fekilde saklamas\u0131na ve y\u00f6netmesine yard\u0131mc\u0131 olan hizmetlerdir. \u0130\u015fte<\/p>\n","protected":false},"author":1,"featured_media":0,"parent":0,"menu_order":0,"comment_status":"closed","ping_status":"closed","template":"","meta":{"footnotes":""},"class_list":["post-16217","page","type-page","status-publish","hentry"],"_links":{"self":[{"href":"https:\/\/nsngumrukleme.com\/index.php\/wp-json\/wp\/v2\/pages\/16217","targetHints":{"allow":["GET"]}}],"collection":[{"href":"https:\/\/nsngumrukleme.com\/index.php\/wp-json\/wp\/v2\/pages"}],"about":[{"href":"https:\/\/nsngumrukleme.com\/index.php\/wp-json\/wp\/v2\/types\/page"}],"author":[{"embeddable":true,"href":"https:\/\/nsngumrukleme.com\/index.php\/wp-json\/wp\/v2\/users\/1"}],"replies":[{"embeddable":true,"href":"https:\/\/nsngumrukleme.com\/index.php\/wp-json\/wp\/v2\/comments?post=16217"}],"version-history":[{"count":0,"href":"https:\/\/nsngumrukleme.com\/index.php\/wp-json\/wp\/v2\/pages\/16217\/revisions"}],"wp:attachment":[{"href":"https:\/\/nsngumrukleme.com\/index.php\/wp-json\/wp\/v2\/media?parent=16217"}],"curies":[{"name":"wp","href":"https:\/\/api.w.org\/{rel}","templated":true}]}}