{"id":16211,"date":"2023-12-12T22:50:17","date_gmt":"2023-12-12T19:50:17","guid":{"rendered":"https:\/\/nsngumrukleme.com\/?page_id=16211"},"modified":"2023-12-13T00:07:59","modified_gmt":"2023-12-12T21:07:59","slug":"transit-ticaret-islemleri","status":"publish","type":"page","link":"https:\/\/nsngumrukleme.com\/index.php\/transit-ticaret-islemleri\/","title":{"rendered":"Transit Ticaret \u0130\u015flemleri"},"content":{"rendered":"\n<p>Transit ticaret i\u015flemleri, bir \u00fclkenin s\u0131n\u0131rlar\u0131 i\u00e7inden ge\u00e7en ancak bu \u00fclkede t\u00fcketilmeyen mallar\u0131n ta\u015f\u0131nmas\u0131n\u0131 i\u00e7erir. \u0130\u015fte bu konunun baz\u0131 \u00f6nemli y\u00f6nleri:<\/p>\n\n\n\n<ol class=\"wp-block-list\">\n<li><strong>G\u00fcmr\u00fck D\u00fczenlemeleri<\/strong>: Transit ticaret i\u015flemleri, genellikle belirli g\u00fcmr\u00fck d\u00fczenlemelerine tabidir. Bu d\u00fczenlemeler, mallar\u0131n g\u00fcvenli ve d\u00fczenli bir \u015fekilde ta\u015f\u0131nmas\u0131n\u0131 sa\u011flar.<\/li>\n\n\n\n<li><strong>Lojistik Y\u00f6netimi<\/strong>: Transit ticaret, mallar\u0131n bir noktadan di\u011ferine etkili ve verimli bir \u015fekilde ta\u015f\u0131nmas\u0131n\u0131 gerektirir. Bu, lojistik ve tedarik zinciri y\u00f6netimi stratejilerinin \u00f6nemli bir par\u00e7as\u0131d\u0131r.<\/li>\n\n\n\n<li><strong>Risk Y\u00f6netimi<\/strong>: Transit ticaret i\u015flemleri, belirli riskleri i\u00e7erir, bu nedenle etkili risk y\u00f6netimi stratejileri gereklidir. Bu, i\u015fletmelerin potansiyel kay\u0131plar\u0131 en aza indirmelerine yard\u0131mc\u0131 olur.<\/li>\n\n\n\n<li><strong>Belgelendirme<\/strong>: Transit ticaret i\u015flemleri, genellikle belirli belgelendirme gereksinimlerini i\u00e7erir. Bu belgeler, mallar\u0131n ta\u015f\u0131nmas\u0131n\u0131n yasal oldu\u011funu ve d\u00fczenlemelere uygun oldu\u011funu do\u011frular.<\/li>\n\n\n\n<li><strong>Maliyet Etkinlik<\/strong>: Transit ticaret, mallar\u0131n d\u00fc\u015f\u00fck maliyetle ta\u015f\u0131nmas\u0131n\u0131 sa\u011flar. Bu, i\u015fletmelerin operasyonel maliyetlerini d\u00fc\u015f\u00fcrmelerine yard\u0131mc\u0131 olur.<\/li>\n<\/ol>\n","protected":false},"excerpt":{"rendered":"<p>Transit ticaret i\u015flemleri, bir \u00fclkenin s\u0131n\u0131rlar\u0131 i\u00e7inden ge\u00e7en ancak bu \u00fclkede t\u00fcketilmeyen mallar\u0131n ta\u015f\u0131nmas\u0131n\u0131 i\u00e7erir. \u0130\u015fte bu konunun baz\u0131 \u00f6nemli<\/p>\n","protected":false},"author":1,"featured_media":0,"parent":0,"menu_order":0,"comment_status":"closed","ping_status":"closed","template":"","meta":{"footnotes":""},"class_list":["post-16211","page","type-page","status-publish","hentry"],"_links":{"self":[{"href":"https:\/\/nsngumrukleme.com\/index.php\/wp-json\/wp\/v2\/pages\/16211","targetHints":{"allow":["GET"]}}],"collection":[{"href":"https:\/\/nsngumrukleme.com\/index.php\/wp-json\/wp\/v2\/pages"}],"about":[{"href":"https:\/\/nsngumrukleme.com\/index.php\/wp-json\/wp\/v2\/types\/page"}],"author":[{"embeddable":true,"href":"https:\/\/nsngumrukleme.com\/index.php\/wp-json\/wp\/v2\/users\/1"}],"replies":[{"embeddable":true,"href":"https:\/\/nsngumrukleme.com\/index.php\/wp-json\/wp\/v2\/comments?post=16211"}],"version-history":[{"count":0,"href":"https:\/\/nsngumrukleme.com\/index.php\/wp-json\/wp\/v2\/pages\/16211\/revisions"}],"wp:attachment":[{"href":"https:\/\/nsngumrukleme.com\/index.php\/wp-json\/wp\/v2\/media?parent=16211"}],"curies":[{"name":"wp","href":"https:\/\/api.w.org\/{rel}","templated":true}]}}