{"id":16207,"date":"2023-12-12T22:47:13","date_gmt":"2023-12-12T19:47:13","guid":{"rendered":"https:\/\/nsngumrukleme.com\/?page_id=16207"},"modified":"2023-12-13T00:05:24","modified_gmt":"2023-12-12T21:05:24","slug":"dijital-arsivleme","status":"publish","type":"page","link":"https:\/\/nsngumrukleme.com\/index.php\/dijital-arsivleme\/","title":{"rendered":"Dijital Ar\u015fivleme"},"content":{"rendered":"\n<p>Dijital ar\u015fivleme, belgelerin ve di\u011fer bilgilerin dijital formatta saklanmas\u0131 ve y\u00f6netilmesi s\u00fcrecidir. \u0130\u015fte bu konunun baz\u0131 \u00f6nemli y\u00f6nleri:<\/p>\n\n\n\n<ol class=\"wp-block-list\">\n<li><strong>Veri Saklama<\/strong>: Dijital ar\u015fivleme, belgelerin ve di\u011fer bilgilerin dijital formatta saklanmas\u0131n\u0131 sa\u011flar. Bu, bilgilere kolay ve h\u0131zl\u0131 eri\u015fim sa\u011flar.<\/li>\n\n\n\n<li><strong>Veri Y\u00f6netimi<\/strong>: Dijital ar\u015fivleme, verilerin d\u00fczenlenmesi, s\u0131n\u0131fland\u0131r\u0131lmas\u0131 ve y\u00f6netilmesi s\u00fcrecini kolayla\u015ft\u0131r\u0131r.<\/li>\n\n\n\n<li><strong>Veri G\u00fcvenli\u011fi<\/strong>: Dijital ar\u015fivler, verilerin g\u00fcvenli bir \u015fekilde saklanmas\u0131n\u0131 sa\u011flar. Bu, veri kayb\u0131n\u0131 \u00f6nler ve veri g\u00fcvenli\u011fini sa\u011flar.<\/li>\n\n\n\n<li><strong>Maliyet Etkin<\/strong>: Dijital ar\u015fivleme, fiziksel depolama alan\u0131 gerektirmez ve bu nedenle maliyet etkindir.<\/li>\n\n\n\n<li><strong>Eri\u015filebilirlik<\/strong>: Dijital ar\u015fivler, kullan\u0131c\u0131lar\u0131n istedikleri zaman ve yerden bilgilere eri\u015fmelerini sa\u011flar.<\/li>\n\n\n\n<li><strong>Uzun \u00d6m\u00fcrl\u00fc<\/strong>: Dijital ar\u015fivler, belgelerin ve di\u011fer bilgilerin uzun s\u00fcreli saklanmas\u0131n\u0131 sa\u011flar. Bu, bilgilerin gelecek nesiller i\u00e7in korunmas\u0131n\u0131 sa\u011flar.<\/li>\n<\/ol>\n","protected":false},"excerpt":{"rendered":"<p>Dijital ar\u015fivleme, belgelerin ve di\u011fer bilgilerin dijital formatta saklanmas\u0131 ve y\u00f6netilmesi s\u00fcrecidir. \u0130\u015fte bu konunun baz\u0131 \u00f6nemli y\u00f6nleri:<\/p>\n","protected":false},"author":1,"featured_media":0,"parent":0,"menu_order":0,"comment_status":"closed","ping_status":"closed","template":"","meta":{"footnotes":""},"class_list":["post-16207","page","type-page","status-publish","hentry"],"_links":{"self":[{"href":"https:\/\/nsngumrukleme.com\/index.php\/wp-json\/wp\/v2\/pages\/16207","targetHints":{"allow":["GET"]}}],"collection":[{"href":"https:\/\/nsngumrukleme.com\/index.php\/wp-json\/wp\/v2\/pages"}],"about":[{"href":"https:\/\/nsngumrukleme.com\/index.php\/wp-json\/wp\/v2\/types\/page"}],"author":[{"embeddable":true,"href":"https:\/\/nsngumrukleme.com\/index.php\/wp-json\/wp\/v2\/users\/1"}],"replies":[{"embeddable":true,"href":"https:\/\/nsngumrukleme.com\/index.php\/wp-json\/wp\/v2\/comments?post=16207"}],"version-history":[{"count":0,"href":"https:\/\/nsngumrukleme.com\/index.php\/wp-json\/wp\/v2\/pages\/16207\/revisions"}],"wp:attachment":[{"href":"https:\/\/nsngumrukleme.com\/index.php\/wp-json\/wp\/v2\/media?parent=16207"}],"curies":[{"name":"wp","href":"https:\/\/api.w.org\/{rel}","templated":true}]}}