{"id":16201,"date":"2023-12-12T22:45:05","date_gmt":"2023-12-12T19:45:05","guid":{"rendered":"https:\/\/nsngumrukleme.com\/?page_id=16201"},"modified":"2023-12-13T00:01:06","modified_gmt":"2023-12-12T21:01:06","slug":"proje-danismanlik-yatirim-oncesi-planlama","status":"publish","type":"page","link":"https:\/\/nsngumrukleme.com\/index.php\/proje-danismanlik-yatirim-oncesi-planlama\/","title":{"rendered":"Proje Dan\u0131\u015fmanl\u0131k \/ Yat\u0131r\u0131m \u00d6ncesi Planlama"},"content":{"rendered":"\n<p>Proje dan\u0131\u015fmanl\u0131\u011f\u0131 ve yat\u0131r\u0131m \u00f6ncesi planlama, bir i\u015fletmenin projelerini ve yat\u0131r\u0131mlar\u0131n\u0131 etkili bir \u015fekilde y\u00f6netmesine yard\u0131mc\u0131 olan hizmetlerdir. \u0130\u015fte bu konunun baz\u0131 \u00f6nemli y\u00f6nleri:<\/p>\n\n\n\n<ol class=\"wp-block-list\">\n<li><strong>Proje De\u011ferlendirme<\/strong>: Proje dan\u0131\u015fmanlar\u0131, bir projenin uygulanabilirli\u011fini ve potansiyel getirisini de\u011ferlendirmeye yard\u0131mc\u0131 olur. Bu, i\u015fletmelerin projelerini daha etkili bir \u015fekilde planlamalar\u0131na ve y\u00f6netmelerine yard\u0131mc\u0131 olur.<\/li>\n\n\n\n<li><strong>Yat\u0131r\u0131m Stratejisi<\/strong>: Yat\u0131r\u0131m \u00f6ncesi planlama, i\u015fletmelerin yat\u0131r\u0131m stratejilerini belirlemelerine yard\u0131mc\u0131 olur. Bu, i\u015fletmelerin yat\u0131r\u0131mlar\u0131n\u0131 en iyi \u015fekilde y\u00f6nlendirmelerine yard\u0131mc\u0131 olur.<\/li>\n\n\n\n<li><strong>Risk Y\u00f6netimi<\/strong>: Proje dan\u0131\u015fmanlar\u0131 ve yat\u0131r\u0131m planlamac\u0131lar\u0131, i\u015fletmelere potansiyel riskleri belirleme ve y\u00f6netme konusunda yard\u0131mc\u0131 olur. Bu, i\u015fletmelerin potansiyel kay\u0131plar\u0131 en aza indirmelerine yard\u0131mc\u0131 olur.<\/li>\n\n\n\n<li><strong>Finansal Planlama<\/strong>: Yat\u0131r\u0131m \u00f6ncesi planlama, i\u015fletmelerin finansal hedeflerini belirlemelerine ve bu hedeflere ula\u015fmak i\u00e7in bir plan olu\u015fturmal\u0131d\u0131r.<\/li>\n\n\n\n<li><strong>Proje Y\u00f6netimi<\/strong>: Proje dan\u0131\u015fmanlar\u0131, i\u015fletmelere projelerini etkili ve verimli bir \u015fekilde y\u00f6netmelerine yard\u0131mc\u0131 olur. Bu, projelerin zaman\u0131nda ve b\u00fct\u00e7e dahilinde tamamlanmas\u0131n\u0131 sa\u011flar.<\/li>\n<\/ol>\n","protected":false},"excerpt":{"rendered":"<p>Proje dan\u0131\u015fmanl\u0131\u011f\u0131 ve yat\u0131r\u0131m \u00f6ncesi planlama, bir i\u015fletmenin projelerini ve yat\u0131r\u0131mlar\u0131n\u0131 etkili bir \u015fekilde y\u00f6netmesine yard\u0131mc\u0131 olan hizmetlerdir. \u0130\u015fte bu<\/p>\n","protected":false},"author":1,"featured_media":0,"parent":0,"menu_order":0,"comment_status":"closed","ping_status":"closed","template":"","meta":{"footnotes":""},"class_list":["post-16201","page","type-page","status-publish","hentry"],"_links":{"self":[{"href":"https:\/\/nsngumrukleme.com\/index.php\/wp-json\/wp\/v2\/pages\/16201","targetHints":{"allow":["GET"]}}],"collection":[{"href":"https:\/\/nsngumrukleme.com\/index.php\/wp-json\/wp\/v2\/pages"}],"about":[{"href":"https:\/\/nsngumrukleme.com\/index.php\/wp-json\/wp\/v2\/types\/page"}],"author":[{"embeddable":true,"href":"https:\/\/nsngumrukleme.com\/index.php\/wp-json\/wp\/v2\/users\/1"}],"replies":[{"embeddable":true,"href":"https:\/\/nsngumrukleme.com\/index.php\/wp-json\/wp\/v2\/comments?post=16201"}],"version-history":[{"count":0,"href":"https:\/\/nsngumrukleme.com\/index.php\/wp-json\/wp\/v2\/pages\/16201\/revisions"}],"wp:attachment":[{"href":"https:\/\/nsngumrukleme.com\/index.php\/wp-json\/wp\/v2\/media?parent=16201"}],"curies":[{"name":"wp","href":"https:\/\/api.w.org\/{rel}","templated":true}]}}