{"id":16199,"date":"2023-12-12T22:44:31","date_gmt":"2023-12-12T19:44:31","guid":{"rendered":"https:\/\/nsngumrukleme.com\/?page_id=16199"},"modified":"2023-12-12T23:59:52","modified_gmt":"2023-12-12T20:59:52","slug":"g-tip-servisi","status":"publish","type":"page","link":"https:\/\/nsngumrukleme.com\/index.php\/g-tip-servisi\/","title":{"rendered":"G Tip Servisi"},"content":{"rendered":"\n<p>G Tipi Servis, genellikle g\u00fcmr\u00fck ve d\u0131\u015f ticaret alan\u0131nda hizmet veren bir servis t\u00fcr\u00fcd\u00fcr. \u0130\u015fte bu konunun baz\u0131 \u00f6nemli y\u00f6nleri:<\/p>\n\n\n\n<ol class=\"wp-block-list\">\n<li><strong>G\u00fcmr\u00fck \u0130\u015flemleri<\/strong>: G Tipi Servis, i\u015fletmelerin g\u00fcmr\u00fck i\u015flemlerini y\u00f6netmelerine yard\u0131mc\u0131 olur. Bu, i\u015fletmelerin g\u00fcmr\u00fck i\u015flemlerini h\u0131zl\u0131 ve verimli bir \u015fekilde tamamlamalar\u0131n\u0131 sa\u011flar.<\/li>\n\n\n\n<li><strong>D\u0131\u015f Ticaret Dan\u0131\u015fmanl\u0131\u011f\u0131<\/strong>: G Tipi Servis, i\u015fletmelere d\u0131\u015f ticaret d\u00fczenlemeleri konusunda dan\u0131\u015fmanl\u0131k hizmeti sunar. Bu, i\u015fletmelerin uluslararas\u0131 ticaret kurallar\u0131na ve d\u00fczenlemelere uyum sa\u011flamalar\u0131na yard\u0131mc\u0131 olur.<\/li>\n\n\n\n<li><strong>Belgelendirme<\/strong>: G Tipi Servis, i\u015fletmelere gerekli belgelerin haz\u0131rlanmas\u0131 ve sunulmas\u0131 konusunda yard\u0131mc\u0131 olur.<\/li>\n\n\n\n<li><strong>Risk Y\u00f6netimi<\/strong>: G Tipi Servis, i\u015fletmelere potansiyel g\u00fcmr\u00fck ve d\u0131\u015f ticaret risklerini belirleme ve y\u00f6netme konusunda yard\u0131mc\u0131 olur. Bu, i\u015fletmelerin potansiyel kay\u0131plar\u0131 en aza indirmelerine yard\u0131mc\u0131 olur.<\/li>\n\n\n\n<li><strong>Lojistik Y\u00f6netimi<\/strong>: G Tipi Servis, i\u015fletmelere lojistik ve tedarik zinciri y\u00f6netimi konusunda yard\u0131mc\u0131 olur. Bu, i\u015fletmelerin \u00fcr\u00fcnlerini etkili ve verimli bir \u015fekilde ta\u015f\u0131mas\u0131n\u0131 sa\u011flar.<\/li>\n<\/ol>\n","protected":false},"excerpt":{"rendered":"<p>G Tipi Servis, genellikle g\u00fcmr\u00fck ve d\u0131\u015f ticaret alan\u0131nda hizmet veren bir servis t\u00fcr\u00fcd\u00fcr. \u0130\u015fte bu konunun baz\u0131 \u00f6nemli y\u00f6nleri:<\/p>\n","protected":false},"author":1,"featured_media":0,"parent":0,"menu_order":0,"comment_status":"closed","ping_status":"closed","template":"","meta":{"footnotes":""},"class_list":["post-16199","page","type-page","status-publish","hentry"],"_links":{"self":[{"href":"https:\/\/nsngumrukleme.com\/index.php\/wp-json\/wp\/v2\/pages\/16199","targetHints":{"allow":["GET"]}}],"collection":[{"href":"https:\/\/nsngumrukleme.com\/index.php\/wp-json\/wp\/v2\/pages"}],"about":[{"href":"https:\/\/nsngumrukleme.com\/index.php\/wp-json\/wp\/v2\/types\/page"}],"author":[{"embeddable":true,"href":"https:\/\/nsngumrukleme.com\/index.php\/wp-json\/wp\/v2\/users\/1"}],"replies":[{"embeddable":true,"href":"https:\/\/nsngumrukleme.com\/index.php\/wp-json\/wp\/v2\/comments?post=16199"}],"version-history":[{"count":0,"href":"https:\/\/nsngumrukleme.com\/index.php\/wp-json\/wp\/v2\/pages\/16199\/revisions"}],"wp:attachment":[{"href":"https:\/\/nsngumrukleme.com\/index.php\/wp-json\/wp\/v2\/media?parent=16199"}],"curies":[{"name":"wp","href":"https:\/\/api.w.org\/{rel}","templated":true}]}}