{"id":16197,"date":"2023-12-12T22:43:48","date_gmt":"2023-12-12T19:43:48","guid":{"rendered":"https:\/\/nsngumrukleme.com\/?page_id=16197"},"modified":"2023-12-12T23:58:12","modified_gmt":"2023-12-12T20:58:12","slug":"gumruk-musavirligi","status":"publish","type":"page","link":"https:\/\/nsngumrukleme.com\/index.php\/gumruk-musavirligi\/","title":{"rendered":"G\u00fcmr\u00fck M\u00fc\u015favirli\u011fi"},"content":{"rendered":"\n<p>G\u00fcmr\u00fck m\u00fc\u015favirli\u011fi, i\u015fletmelerin g\u00fcmr\u00fck i\u015flemlerini y\u00f6netmelerine yard\u0131mc\u0131 olan bir hizmettir. \u0130\u015fte bu konunun baz\u0131 \u00f6nemli y\u00f6nleri:<\/p>\n\n\n\n<ol class=\"wp-block-list\">\n<li><strong>G\u00fcmr\u00fck \u0130\u015flemleri<\/strong>: G\u00fcmr\u00fck m\u00fc\u015favirleri, i\u015fletmelerin g\u00fcmr\u00fck i\u015flemlerini, belgelendirmeyi ve d\u00fczenlemeleri anlamalar\u0131na ve y\u00f6netmelerine yard\u0131mc\u0131 olur.<\/li>\n\n\n\n<li><strong>D\u00fczenlemeler<\/strong>: G\u00fcmr\u00fck m\u00fc\u015favirleri, i\u015fletmelere g\u00fcmr\u00fck d\u00fczenlemeleri konusunda rehberlik eder. Bu, i\u015fletmelerin g\u00fcmr\u00fck kurallar\u0131na ve d\u00fczenlemelere uyum sa\u011flamalar\u0131na yard\u0131mc\u0131 olur.<\/li>\n\n\n\n<li><strong>Belgelendirme<\/strong>: G\u00fcmr\u00fck m\u00fc\u015favirleri, i\u015fletmelere gerekli belgelerin haz\u0131rlanmas\u0131 ve sunulmas\u0131 konusunda yard\u0131mc\u0131 olur.<\/li>\n\n\n\n<li><strong>Dan\u0131\u015fmanl\u0131k<\/strong>: G\u00fcmr\u00fck m\u00fc\u015favirleri, i\u015fletmelere g\u00fcmr\u00fck i\u015flemleri ve d\u00fczenlemeleri konusunda dan\u0131\u015fmanl\u0131k hizmeti sunar. Bu, i\u015fletmelerin g\u00fcmr\u00fck i\u015flemlerini daha etkili ve verimli bir \u015fekilde y\u00f6netmelerine yard\u0131mc\u0131 olur.<\/li>\n\n\n\n<li><strong>Risk Y\u00f6netimi<\/strong>: G\u00fcmr\u00fck m\u00fc\u015favirleri, i\u015fletmelere potansiyel g\u00fcmr\u00fck risklerini belirleme ve y\u00f6netme konusunda yard\u0131mc\u0131 olur. Bu, i\u015fletmelerin potansiyel kay\u0131plar\u0131 en aza indirmelerine yard\u0131mc\u0131 olur.<\/li>\n<\/ol>\n","protected":false},"excerpt":{"rendered":"<p>G\u00fcmr\u00fck m\u00fc\u015favirli\u011fi, i\u015fletmelerin g\u00fcmr\u00fck i\u015flemlerini y\u00f6netmelerine yard\u0131mc\u0131 olan bir hizmettir. \u0130\u015fte bu konunun baz\u0131 \u00f6nemli y\u00f6nleri:<\/p>\n","protected":false},"author":1,"featured_media":0,"parent":0,"menu_order":0,"comment_status":"closed","ping_status":"closed","template":"","meta":{"footnotes":""},"class_list":["post-16197","page","type-page","status-publish","hentry"],"_links":{"self":[{"href":"https:\/\/nsngumrukleme.com\/index.php\/wp-json\/wp\/v2\/pages\/16197","targetHints":{"allow":["GET"]}}],"collection":[{"href":"https:\/\/nsngumrukleme.com\/index.php\/wp-json\/wp\/v2\/pages"}],"about":[{"href":"https:\/\/nsngumrukleme.com\/index.php\/wp-json\/wp\/v2\/types\/page"}],"author":[{"embeddable":true,"href":"https:\/\/nsngumrukleme.com\/index.php\/wp-json\/wp\/v2\/users\/1"}],"replies":[{"embeddable":true,"href":"https:\/\/nsngumrukleme.com\/index.php\/wp-json\/wp\/v2\/comments?post=16197"}],"version-history":[{"count":0,"href":"https:\/\/nsngumrukleme.com\/index.php\/wp-json\/wp\/v2\/pages\/16197\/revisions"}],"wp:attachment":[{"href":"https:\/\/nsngumrukleme.com\/index.php\/wp-json\/wp\/v2\/media?parent=16197"}],"curies":[{"name":"wp","href":"https:\/\/api.w.org\/{rel}","templated":true}]}}