{"id":16021,"date":"2023-12-12T15:07:03","date_gmt":"2023-12-12T12:07:03","guid":{"rendered":"https:\/\/nsngumrukleme.com\/?page_id=16021"},"modified":"2023-12-12T19:48:57","modified_gmt":"2023-12-12T16:48:57","slug":"yurtici-tasimacilik","status":"publish","type":"page","link":"https:\/\/nsngumrukleme.com\/index.php\/tasimacilik\/yurtici-tasimacilik\/","title":{"rendered":"Yurti\u00e7i Ta\u015f\u0131mac\u0131l\u0131k"},"content":{"rendered":"\n<p>NSN G\u00fcmr\u00fckleme, yurti\u00e7i ta\u015f\u0131mac\u0131l\u0131k alan\u0131nda geni\u015f bir hizmet yelpazesi sunar. Modern ara\u00e7 filosu, deneyimli s\u00fcr\u00fcc\u00fcler ve etkili lojistik y\u00f6netimi ile m\u00fc\u015fterilerin mal ve \u00fcr\u00fcnlerini T\u00fcrkiye i\u00e7inde h\u0131zl\u0131 ve g\u00fcvenli bir \u015fekilde ta\u015f\u0131r. Yurti\u00e7i ta\u015f\u0131mac\u0131l\u0131k hizmetleri, m\u00fc\u015fterilere zaman\u0131nda teslimat, izleme ve raporlama avantajlar\u0131 sa\u011flar.<\/p>\n","protected":false},"excerpt":{"rendered":"<p>NSN G\u00fcmr\u00fckleme, yurti\u00e7i ta\u015f\u0131mac\u0131l\u0131k alan\u0131nda geni\u015f bir hizmet yelpazesi sunar. Modern ara\u00e7 filosu, deneyimli s\u00fcr\u00fcc\u00fcler ve etkili lojistik y\u00f6netimi ile<\/p>\n","protected":false},"author":1,"featured_media":0,"parent":16033,"menu_order":0,"comment_status":"closed","ping_status":"closed","template":"","meta":{"footnotes":""},"class_list":["post-16021","page","type-page","status-publish","hentry"],"_links":{"self":[{"href":"https:\/\/nsngumrukleme.com\/index.php\/wp-json\/wp\/v2\/pages\/16021","targetHints":{"allow":["GET"]}}],"collection":[{"href":"https:\/\/nsngumrukleme.com\/index.php\/wp-json\/wp\/v2\/pages"}],"about":[{"href":"https:\/\/nsngumrukleme.com\/index.php\/wp-json\/wp\/v2\/types\/page"}],"author":[{"embeddable":true,"href":"https:\/\/nsngumrukleme.com\/index.php\/wp-json\/wp\/v2\/users\/1"}],"replies":[{"embeddable":true,"href":"https:\/\/nsngumrukleme.com\/index.php\/wp-json\/wp\/v2\/comments?post=16021"}],"version-history":[{"count":0,"href":"https:\/\/nsngumrukleme.com\/index.php\/wp-json\/wp\/v2\/pages\/16021\/revisions"}],"up":[{"embeddable":true,"href":"https:\/\/nsngumrukleme.com\/index.php\/wp-json\/wp\/v2\/pages\/16033"}],"wp:attachment":[{"href":"https:\/\/nsngumrukleme.com\/index.php\/wp-json\/wp\/v2\/media?parent=16021"}],"curies":[{"name":"wp","href":"https:\/\/api.w.org\/{rel}","templated":true}]}}