{"id":16012,"date":"2023-12-12T15:01:05","date_gmt":"2023-12-12T12:01:05","guid":{"rendered":"https:\/\/nsngumrukleme.com\/?page_id=16012"},"modified":"2023-12-12T22:29:39","modified_gmt":"2023-12-12T19:29:39","slug":"havayolu-tasimaciligi","status":"publish","type":"page","link":"https:\/\/nsngumrukleme.com\/index.php\/havayolu-tasimaciligi\/","title":{"rendered":"Havayolu Ta\u015f\u0131mac\u0131l\u0131\u011f\u0131"},"content":{"rendered":"\n<p>Havayolu Ta\u015f\u0131mac\u0131l\u0131\u011f\u0131:<br>NSN G\u00fcmr\u00fckleme, havayolu ta\u015f\u0131mac\u0131l\u0131\u011f\u0131 alan\u0131nda geni\u015f bir deneyime sahip olarak m\u00fc\u015fterilere h\u0131zl\u0131, g\u00fcvenilir ve maliyet etkin \u00e7\u00f6z\u00fcmler sunar. K\u00fcresel a\u011fa entegre olmu\u015f hizmetleri ile m\u00fc\u015fterilerin mal ve \u00fcr\u00fcnlerini d\u00fcnya genelindeki destinasyonlara h\u0131zl\u0131 bir \u015fekilde ula\u015ft\u0131r\u0131r. Havayolu ta\u015f\u0131mac\u0131l\u0131\u011f\u0131ndaki uzmanl\u0131\u011f\u0131, m\u00fc\u015fterilere rekabet avantaj\u0131 kazand\u0131r\u0131r.<\/p>\n\n\n\n<ol class=\"wp-block-list\">\n<li><strong>H\u0131zl\u0131 Ula\u015f\u0131m<\/strong>: Havayolu ta\u015f\u0131mac\u0131l\u0131\u011f\u0131, d\u00fcnya genelindeki en h\u0131zl\u0131 ula\u015f\u0131m y\u00f6ntemidir. Uzun mesafeleri k\u0131sa s\u00fcrede kat eder.<\/li>\n\n\n\n<li><strong>G\u00fcvenli<\/strong>: Havayolu ta\u015f\u0131mac\u0131l\u0131\u011f\u0131, en g\u00fcvenli ta\u015f\u0131mac\u0131l\u0131k y\u00f6ntemlerinden biri olarak kabul edilir.<\/li>\n\n\n\n<li><strong>Etkin Y\u00fck Ta\u015f\u0131ma<\/strong>: B\u00fcy\u00fck ve a\u011f\u0131r y\u00fcklerin ta\u015f\u0131nmas\u0131 i\u00e7in idealdir. Ayr\u0131ca, taze \u00fcr\u00fcnlerin ve acil malzemelerin ta\u015f\u0131nmas\u0131 i\u00e7in de s\u0131kl\u0131kla kullan\u0131l\u0131r.<\/li>\n\n\n\n<li><strong>Maliyet<\/strong>: Havayolu ta\u015f\u0131mac\u0131l\u0131\u011f\u0131, genellikle di\u011fer ta\u015f\u0131mac\u0131l\u0131k t\u00fcrlerine g\u00f6re daha maliyetlidir. Ancak, h\u0131z ve verimlilik g\u00f6z \u00f6n\u00fcne al\u0131nd\u0131\u011f\u0131nda, maliyet genellikle hakl\u0131 \u00e7\u0131kar.<\/li>\n<\/ol>\n","protected":false},"excerpt":{"rendered":"<p>Havayolu Ta\u015f\u0131mac\u0131l\u0131\u011f\u0131:NSN G\u00fcmr\u00fckleme, havayolu ta\u015f\u0131mac\u0131l\u0131\u011f\u0131 alan\u0131nda geni\u015f bir deneyime sahip olarak m\u00fc\u015fterilere h\u0131zl\u0131, g\u00fcvenilir ve maliyet etkin \u00e7\u00f6z\u00fcmler sunar. K\u00fcresel<\/p>\n","protected":false},"author":1,"featured_media":0,"parent":0,"menu_order":0,"comment_status":"closed","ping_status":"closed","template":"","meta":{"footnotes":""},"class_list":["post-16012","page","type-page","status-publish","hentry"],"_links":{"self":[{"href":"https:\/\/nsngumrukleme.com\/index.php\/wp-json\/wp\/v2\/pages\/16012","targetHints":{"allow":["GET"]}}],"collection":[{"href":"https:\/\/nsngumrukleme.com\/index.php\/wp-json\/wp\/v2\/pages"}],"about":[{"href":"https:\/\/nsngumrukleme.com\/index.php\/wp-json\/wp\/v2\/types\/page"}],"author":[{"embeddable":true,"href":"https:\/\/nsngumrukleme.com\/index.php\/wp-json\/wp\/v2\/users\/1"}],"replies":[{"embeddable":true,"href":"https:\/\/nsngumrukleme.com\/index.php\/wp-json\/wp\/v2\/comments?post=16012"}],"version-history":[{"count":0,"href":"https:\/\/nsngumrukleme.com\/index.php\/wp-json\/wp\/v2\/pages\/16012\/revisions"}],"wp:attachment":[{"href":"https:\/\/nsngumrukleme.com\/index.php\/wp-json\/wp\/v2\/media?parent=16012"}],"curies":[{"name":"wp","href":"https:\/\/api.w.org\/{rel}","templated":true}]}}