{"id":16010,"date":"2023-12-12T15:00:06","date_gmt":"2023-12-12T12:00:06","guid":{"rendered":"https:\/\/nsngumrukleme.com\/?page_id=16010"},"modified":"2023-12-12T15:00:10","modified_gmt":"2023-12-12T12:00:10","slug":"fuar-ve-etkinlik-lojistigi","status":"publish","type":"page","link":"https:\/\/nsngumrukleme.com\/index.php\/fuar-ve-etkinlik-lojistigi\/","title":{"rendered":"Fuar ve Etkinlik Lojisti\u011fi"},"content":{"rendered":"\n<p>Fuar ve Etkinlik Lojisti\u011fi:<br>NSN G\u00fcmr\u00fckleme, fuar ve etkinlik lojisti\u011fi konusunda end\u00fcstri lideri olarak bilinir. M\u00fc\u015fterilere etkinlik planlama, sergi malzemelerinin ta\u015f\u0131nmas\u0131, g\u00fcmr\u00fckleme i\u015flemleri ve lojistik deste\u011fi konular\u0131nda kapsaml\u0131 bir hizmet sunar. Profesyonel ekibi, karma\u015f\u0131k lojistik zorluklar\u0131 a\u015farak m\u00fc\u015fterilerin etkinliklerini sorunsuz bir \u015fekilde ger\u00e7ekle\u015ftirmelerine yard\u0131mc\u0131 olur.<\/p>\n","protected":false},"excerpt":{"rendered":"<p>Fuar ve Etkinlik Lojisti\u011fi:NSN G\u00fcmr\u00fckleme, fuar ve etkinlik lojisti\u011fi konusunda end\u00fcstri lideri olarak bilinir. M\u00fc\u015fterilere etkinlik planlama, sergi malzemelerinin ta\u015f\u0131nmas\u0131,<\/p>\n","protected":false},"author":1,"featured_media":0,"parent":0,"menu_order":0,"comment_status":"closed","ping_status":"closed","template":"","meta":{"footnotes":""},"class_list":["post-16010","page","type-page","status-publish","hentry"],"_links":{"self":[{"href":"https:\/\/nsngumrukleme.com\/index.php\/wp-json\/wp\/v2\/pages\/16010","targetHints":{"allow":["GET"]}}],"collection":[{"href":"https:\/\/nsngumrukleme.com\/index.php\/wp-json\/wp\/v2\/pages"}],"about":[{"href":"https:\/\/nsngumrukleme.com\/index.php\/wp-json\/wp\/v2\/types\/page"}],"author":[{"embeddable":true,"href":"https:\/\/nsngumrukleme.com\/index.php\/wp-json\/wp\/v2\/users\/1"}],"replies":[{"embeddable":true,"href":"https:\/\/nsngumrukleme.com\/index.php\/wp-json\/wp\/v2\/comments?post=16010"}],"version-history":[{"count":0,"href":"https:\/\/nsngumrukleme.com\/index.php\/wp-json\/wp\/v2\/pages\/16010\/revisions"}],"wp:attachment":[{"href":"https:\/\/nsngumrukleme.com\/index.php\/wp-json\/wp\/v2\/media?parent=16010"}],"curies":[{"name":"wp","href":"https:\/\/api.w.org\/{rel}","templated":true}]}}