{"id":15997,"date":"2023-12-12T14:47:55","date_gmt":"2023-12-12T11:47:55","guid":{"rendered":"https:\/\/nsngumrukleme.com\/?page_id=15997"},"modified":"2023-12-12T19:44:17","modified_gmt":"2023-12-12T16:44:17","slug":"visyon-misyon-etik-degerler","status":"publish","type":"page","link":"https:\/\/nsngumrukleme.com\/index.php\/kurumsal\/visyon-misyon-etik-degerler\/","title":{"rendered":"Visyon Misyon &#038; Etik De\u011ferler"},"content":{"rendered":"\n<p>Visyon:<br>NSN G\u00fcmr\u00fckleme, k\u00fcresel ticarette lider bir konumda olmay\u0131 hedefleyen bir vizyona sahiptir. M\u00fc\u015fterilerine en \u00fcst d\u00fczeyde g\u00fcmr\u00fck ve lojistik hizmetleri sunarak, uluslararas\u0131 ticarette s\u00fcrd\u00fcr\u00fclebilir ba\u015far\u0131ya ula\u015fmak ve sekt\u00f6rdeki standartlar\u0131 belirlemek amac\u0131ndad\u0131r.<\/p>\n\n\n\n<p>Misyon:<br>NSN G\u00fcmr\u00fckleme&#8217;nin misyonu, m\u00fc\u015fterilerine g\u00fcvenilir, h\u0131zl\u0131 ve kaliteli g\u00fcmr\u00fck ve lojistik \u00e7\u00f6z\u00fcmleri sunarak onlar\u0131n i\u015f s\u00fcre\u00e7lerini optimize etmelerine yard\u0131mc\u0131 olmakt\u0131r. K\u00fcresel ticaretin karma\u015f\u0131k d\u00fcnyas\u0131nda m\u00fc\u015fteri memnuniyetini ve g\u00fcvenini sa\u011flamak, NSN G\u00fcmr\u00fckleme&#8217;nin temel misyonunu olu\u015fturur.<\/p>\n\n\n\n<p>Etik De\u011ferler:<br>NSN G\u00fcmr\u00fckleme, i\u015f yap\u0131\u015f \u015feklinde etik de\u011ferlere s\u0131k\u0131 bir ba\u011fl\u0131l\u0131k g\u00f6sterir. \u015eeffafl\u0131k, d\u00fcr\u00fcstl\u00fck, g\u00fcvenilirlik ve m\u00fc\u015fteri gizlili\u011fi, NSN G\u00fcmr\u00fckleme&#8217;nin etik de\u011ferlerinin temelini olu\u015fturur. M\u00fc\u015fteriler, \u00e7al\u0131\u015fanlar ve i\u015f ortaklar\u0131yla olan ili\u015fkilerde etik standartlara uyum, \u015firketin uzun vadeli ba\u015far\u0131s\u0131n\u0131 g\u00fc\u00e7lendirir.<\/p>\n\n\n\n<p>NSN G\u00fcmr\u00fckleme, visyonu, misyonu ve etik de\u011ferleri do\u011frultusunda, m\u00fc\u015fterilerine, \u00e7al\u0131\u015fanlar\u0131na ve end\u00fcstriye de\u011fer katan bir kurulu\u015f olma taahh\u00fcd\u00fcn\u00fc s\u00fcrd\u00fcrmektedir.<\/p>\n","protected":false},"excerpt":{"rendered":"<p>Visyon:NSN G\u00fcmr\u00fckleme, k\u00fcresel ticarette lider bir konumda olmay\u0131 hedefleyen bir vizyona sahiptir. M\u00fc\u015fterilerine en \u00fcst d\u00fczeyde g\u00fcmr\u00fck ve lojistik hizmetleri<\/p>\n","protected":false},"author":1,"featured_media":0,"parent":15921,"menu_order":0,"comment_status":"closed","ping_status":"closed","template":"","meta":{"footnotes":""},"class_list":["post-15997","page","type-page","status-publish","hentry"],"_links":{"self":[{"href":"https:\/\/nsngumrukleme.com\/index.php\/wp-json\/wp\/v2\/pages\/15997","targetHints":{"allow":["GET"]}}],"collection":[{"href":"https:\/\/nsngumrukleme.com\/index.php\/wp-json\/wp\/v2\/pages"}],"about":[{"href":"https:\/\/nsngumrukleme.com\/index.php\/wp-json\/wp\/v2\/types\/page"}],"author":[{"embeddable":true,"href":"https:\/\/nsngumrukleme.com\/index.php\/wp-json\/wp\/v2\/users\/1"}],"replies":[{"embeddable":true,"href":"https:\/\/nsngumrukleme.com\/index.php\/wp-json\/wp\/v2\/comments?post=15997"}],"version-history":[{"count":0,"href":"https:\/\/nsngumrukleme.com\/index.php\/wp-json\/wp\/v2\/pages\/15997\/revisions"}],"up":[{"embeddable":true,"href":"https:\/\/nsngumrukleme.com\/index.php\/wp-json\/wp\/v2\/pages\/15921"}],"wp:attachment":[{"href":"https:\/\/nsngumrukleme.com\/index.php\/wp-json\/wp\/v2\/media?parent=15997"}],"curies":[{"name":"wp","href":"https:\/\/api.w.org\/{rel}","templated":true}]}}