{"id":15995,"date":"2023-12-12T14:46:16","date_gmt":"2023-12-12T11:46:16","guid":{"rendered":"https:\/\/nsngumrukleme.com\/?page_id=15995"},"modified":"2023-12-12T19:46:45","modified_gmt":"2023-12-12T16:46:45","slug":"teknoloji","status":"publish","type":"page","link":"https:\/\/nsngumrukleme.com\/index.php\/kurumsal\/teknoloji\/","title":{"rendered":"Teknoloji"},"content":{"rendered":"\n<p>Teknoloji:<br>NSN G\u00fcmr\u00fckleme, en son teknolojiyi benimseyerek g\u00fcmr\u00fck ve lojistik s\u00fcre\u00e7lerini optimize eder. Otomasyon, izleme sistemleri ve dijital \u00e7\u00f6z\u00fcmler, m\u00fc\u015fterilere ger\u00e7ek zamanl\u0131 bilgi ak\u0131\u015f\u0131 sa\u011flayarak operasyonel \u015feffafl\u0131\u011f\u0131 art\u0131r\u0131r. Teknoloji odakl\u0131 yakla\u015f\u0131m, m\u00fc\u015fterilerin mal ak\u0131\u015f\u0131n\u0131 daha iyi y\u00f6netmelerine ve lojistik s\u00fcre\u00e7lerini daha etkin bir \u015fekilde planlamalar\u0131na olanak tan\u0131r.<\/p>\n\n\n\n<p>Lojistik:<br>NSN G\u00fcmr\u00fckleme&#8217;nin lojistik hizmetleri, m\u00fc\u015fterilere k\u00fcresel tedarik zinciri y\u00f6netiminde destek sa\u011flar. Etkili envanter y\u00f6netimi, h\u0131zl\u0131 kargo teslimat\u0131 ve lojistik s\u00fcre\u00e7lerde optimize edilmi\u015f maliyetler, NSN G\u00fcmr\u00fckleme&#8217;nin m\u00fc\u015fterilerine rekabet avantaj\u0131 kazand\u0131rmas\u0131n\u0131 sa\u011flar. Lojistikteki uzmanl\u0131\u011f\u0131, m\u00fc\u015fterilerin mal hareketlerini g\u00fcvenilir ve verimli bir \u015fekilde y\u00f6netmelerine yard\u0131mc\u0131 olur.<\/p>\n","protected":false},"excerpt":{"rendered":"<p>Teknoloji:NSN G\u00fcmr\u00fckleme, en son teknolojiyi benimseyerek g\u00fcmr\u00fck ve lojistik s\u00fcre\u00e7lerini optimize eder. Otomasyon, izleme sistemleri ve dijital \u00e7\u00f6z\u00fcmler, m\u00fc\u015fterilere ger\u00e7ek<\/p>\n","protected":false},"author":1,"featured_media":0,"parent":15921,"menu_order":0,"comment_status":"closed","ping_status":"closed","template":"","meta":{"footnotes":""},"class_list":["post-15995","page","type-page","status-publish","hentry"],"_links":{"self":[{"href":"https:\/\/nsngumrukleme.com\/index.php\/wp-json\/wp\/v2\/pages\/15995","targetHints":{"allow":["GET"]}}],"collection":[{"href":"https:\/\/nsngumrukleme.com\/index.php\/wp-json\/wp\/v2\/pages"}],"about":[{"href":"https:\/\/nsngumrukleme.com\/index.php\/wp-json\/wp\/v2\/types\/page"}],"author":[{"embeddable":true,"href":"https:\/\/nsngumrukleme.com\/index.php\/wp-json\/wp\/v2\/users\/1"}],"replies":[{"embeddable":true,"href":"https:\/\/nsngumrukleme.com\/index.php\/wp-json\/wp\/v2\/comments?post=15995"}],"version-history":[{"count":0,"href":"https:\/\/nsngumrukleme.com\/index.php\/wp-json\/wp\/v2\/pages\/15995\/revisions"}],"up":[{"embeddable":true,"href":"https:\/\/nsngumrukleme.com\/index.php\/wp-json\/wp\/v2\/pages\/15921"}],"wp:attachment":[{"href":"https:\/\/nsngumrukleme.com\/index.php\/wp-json\/wp\/v2\/media?parent=15995"}],"curies":[{"name":"wp","href":"https:\/\/api.w.org\/{rel}","templated":true}]}}