{"id":15981,"date":"2023-12-12T14:35:26","date_gmt":"2023-12-12T11:35:26","guid":{"rendered":"https:\/\/nsngumrukleme.com\/?page_id=15981"},"modified":"2023-12-12T14:35:30","modified_gmt":"2023-12-12T11:35:30","slug":"tedarik-zinciri-yonetimi","status":"publish","type":"page","link":"https:\/\/nsngumrukleme.com\/index.php\/tedarik-zinciri-yonetimi\/","title":{"rendered":"Tedarik Zinciri Y\u00f6netimi"},"content":{"rendered":"\n<p>Tedarik Zinciri Y\u00f6netimi:<br>NSN G\u00fcmr\u00fckleme, m\u00fc\u015fterilerine etkili tedarik zinciri y\u00f6netimi hizmetleri sunarak lojistik s\u00fcre\u00e7lerini optimize etmelerine yard\u0131mc\u0131 olur. Bu kapsamda:<\/p>\n\n\n\n<p>Malzeme Tedariki: NSN G\u00fcmr\u00fckleme, m\u00fc\u015fterilerinin ihtiya\u00e7lar\u0131na uygun malzeme tedariki sa\u011flar. G\u00fcvenilir tedarik\u00e7ilerle kurulan ili\u015fkiler ve etkili envanter y\u00f6netimi, m\u00fc\u015fterilere maliyet avantajlar\u0131 sunar.<\/p>\n\n\n\n<p>Lojistik Planlama: Malzeme al\u0131m\u0131ndan \u00fcretim a\u015famas\u0131na ve nihai t\u00fcketiciye kadar olan s\u00fcre\u00e7leri etkili bir \u015fekilde planlar. Lojistik s\u00fcre\u00e7lerin optimize edilmesi, maliyetleri d\u00fc\u015f\u00fcr\u00fcr ve teslimat s\u00fcre\u00e7lerini h\u0131zland\u0131r\u0131r.<\/p>\n\n\n\n<p>En \u0130yi Ula\u015f\u0131m Se\u00e7enekleri: NSN G\u00fcmr\u00fckleme, m\u00fc\u015fterilerinin malzemelerini en uygun ve maliyet etkin ula\u015f\u0131m se\u00e7enekleriyle y\u00f6nlendirir. Kara, hava, deniz ta\u015f\u0131mac\u0131l\u0131\u011f\u0131 gibi \u00e7e\u015fitli se\u00e7enekler aras\u0131ndan en uygun olan\u0131 belirler.<\/p>\n\n\n\n<p>Teknolojik Entegrasyon: Tedarik zinciri y\u00f6netiminde son teknolojiyi kullan\u0131r. Ak\u0131ll\u0131 takip sistemleri, envanter y\u00f6netimi yaz\u0131l\u0131mlar\u0131 ve di\u011fer teknolojik \u00e7\u00f6z\u00fcmler, s\u00fcre\u00e7leri daha \u015feffaf ve etkili hale getirir.<\/p>\n","protected":false},"excerpt":{"rendered":"<p>Tedarik Zinciri Y\u00f6netimi:NSN G\u00fcmr\u00fckleme, m\u00fc\u015fterilerine etkili tedarik zinciri y\u00f6netimi hizmetleri sunarak lojistik s\u00fcre\u00e7lerini optimize etmelerine yard\u0131mc\u0131 olur. Bu kapsamda: Malzeme<\/p>\n","protected":false},"author":1,"featured_media":0,"parent":0,"menu_order":0,"comment_status":"closed","ping_status":"closed","template":"","meta":{"footnotes":""},"class_list":["post-15981","page","type-page","status-publish","hentry"],"_links":{"self":[{"href":"https:\/\/nsngumrukleme.com\/index.php\/wp-json\/wp\/v2\/pages\/15981","targetHints":{"allow":["GET"]}}],"collection":[{"href":"https:\/\/nsngumrukleme.com\/index.php\/wp-json\/wp\/v2\/pages"}],"about":[{"href":"https:\/\/nsngumrukleme.com\/index.php\/wp-json\/wp\/v2\/types\/page"}],"author":[{"embeddable":true,"href":"https:\/\/nsngumrukleme.com\/index.php\/wp-json\/wp\/v2\/users\/1"}],"replies":[{"embeddable":true,"href":"https:\/\/nsngumrukleme.com\/index.php\/wp-json\/wp\/v2\/comments?post=15981"}],"version-history":[{"count":0,"href":"https:\/\/nsngumrukleme.com\/index.php\/wp-json\/wp\/v2\/pages\/15981\/revisions"}],"wp:attachment":[{"href":"https:\/\/nsngumrukleme.com\/index.php\/wp-json\/wp\/v2\/media?parent=15981"}],"curies":[{"name":"wp","href":"https:\/\/api.w.org\/{rel}","templated":true}]}}