{"id":15979,"date":"2023-12-12T14:33:28","date_gmt":"2023-12-12T11:33:28","guid":{"rendered":"https:\/\/nsngumrukleme.com\/?page_id=15979"},"modified":"2023-12-12T14:33:31","modified_gmt":"2023-12-12T11:33:31","slug":"serbest-depo-hizmetleri","status":"publish","type":"page","link":"https:\/\/nsngumrukleme.com\/index.php\/serbest-depo-hizmetleri\/","title":{"rendered":"Serbest Depo Hizmetleri"},"content":{"rendered":"\n<p>Serbest Depo Hizmetleri:<br>NSN G\u00fcmr\u00fckleme, serbest depo hizmetleri ile m\u00fc\u015fterilerinin g\u00fcmr\u00fck vergilerini erteleyerek depolama avantajlar\u0131ndan faydalanmalar\u0131n\u0131 sa\u011flar. Bu hizmetler \u015funlar\u0131 i\u00e7erir:<\/p>\n\n\n\n<p>G\u00fcmr\u00fck Vergisi Erteleme: Serbest depo hizmeti, m\u00fc\u015fterilerin ithalat \u00fcr\u00fcnlerini g\u00fcmr\u00fck vergisi \u00f6demeden depolama imkan\u0131 sunar. Bu, likidite y\u00f6netimi a\u00e7\u0131s\u0131ndan \u00f6nemli bir avantaj sa\u011flar.<\/p>\n\n\n\n<p>Depolama ve Paketleme: NSN G\u00fcmr\u00fckleme, m\u00fc\u015fterilerinin \u00fcr\u00fcnlerini g\u00fcvenli ve uygun ko\u015fullarda depolar. Ayr\u0131ca, m\u00fc\u015fteri taleplerine g\u00f6re paketleme ve etiketleme hizmetleri sunarak \u00fcr\u00fcnlerin haz\u0131r hale gelmelerini sa\u011flar.<\/p>\n\n\n\n<p>H\u0131zl\u0131 ve G\u00fcvenli \u0130\u015flemler: Serbest depo s\u00fcre\u00e7leri, NSN G\u00fcmr\u00fckleme taraf\u0131ndan h\u0131zl\u0131 ve g\u00fcvenli bir \u015fekilde y\u00f6netilir. Depo i\u00e7i hareketler, envanter takibi ve di\u011fer s\u00fcre\u00e7ler modern teknolojik \u00e7\u00f6z\u00fcmlerle entegre edilir.<\/p>\n","protected":false},"excerpt":{"rendered":"<p>Serbest Depo Hizmetleri:NSN G\u00fcmr\u00fckleme, serbest depo hizmetleri ile m\u00fc\u015fterilerinin g\u00fcmr\u00fck vergilerini erteleyerek depolama avantajlar\u0131ndan faydalanmalar\u0131n\u0131 sa\u011flar. Bu hizmetler \u015funlar\u0131 i\u00e7erir:<\/p>\n","protected":false},"author":1,"featured_media":0,"parent":0,"menu_order":0,"comment_status":"closed","ping_status":"closed","template":"","meta":{"footnotes":""},"class_list":["post-15979","page","type-page","status-publish","hentry"],"_links":{"self":[{"href":"https:\/\/nsngumrukleme.com\/index.php\/wp-json\/wp\/v2\/pages\/15979","targetHints":{"allow":["GET"]}}],"collection":[{"href":"https:\/\/nsngumrukleme.com\/index.php\/wp-json\/wp\/v2\/pages"}],"about":[{"href":"https:\/\/nsngumrukleme.com\/index.php\/wp-json\/wp\/v2\/types\/page"}],"author":[{"embeddable":true,"href":"https:\/\/nsngumrukleme.com\/index.php\/wp-json\/wp\/v2\/users\/1"}],"replies":[{"embeddable":true,"href":"https:\/\/nsngumrukleme.com\/index.php\/wp-json\/wp\/v2\/comments?post=15979"}],"version-history":[{"count":0,"href":"https:\/\/nsngumrukleme.com\/index.php\/wp-json\/wp\/v2\/pages\/15979\/revisions"}],"wp:attachment":[{"href":"https:\/\/nsngumrukleme.com\/index.php\/wp-json\/wp\/v2\/media?parent=15979"}],"curies":[{"name":"wp","href":"https:\/\/api.w.org\/{rel}","templated":true}]}}