{"id":15971,"date":"2023-12-12T14:26:08","date_gmt":"2023-12-12T11:26:08","guid":{"rendered":"https:\/\/nsngumrukleme.com\/?page_id=15971"},"modified":"2023-12-12T14:26:11","modified_gmt":"2023-12-12T11:26:11","slug":"inovasyon","status":"publish","type":"page","link":"https:\/\/nsngumrukleme.com\/index.php\/inovasyon\/","title":{"rendered":"\u0130novasyon"},"content":{"rendered":"\n<p>Teknolojik \u0130novasyon: G\u00fcmr\u00fckleme ve lojistik s\u00fcre\u00e7lerini daha etkili ve verimli hale getirecek teknolojik \u00e7\u00f6z\u00fcmler ve sistemler geli\u015ftirme.<\/p>\n\n\n\n<p>S\u00fcre\u00e7 \u0130novasyonu: G\u00fcmr\u00fckleme s\u00fcre\u00e7lerini ve lojistik operasyonlar\u0131 daha h\u0131zl\u0131, daha g\u00fcvenli ve daha s\u00fcrd\u00fcr\u00fclebilir hale getirecek yeni y\u00f6ntemler ve prosed\u00fcrler uygulama.<\/p>\n\n\n\n<p>Hizmet \u00c7e\u015fitlendirmesi: M\u00fc\u015fteri ihtiya\u00e7lar\u0131na daha iyi cevap verebilmek amac\u0131yla yeni hizmetler ekleyerek m\u00fc\u015fteri portf\u00f6y\u00fcn\u00fc \u00e7e\u015fitlendirme.<\/p>\n\n\n\n<p>Veri Analiti\u011fi ve \u0130zleme: G\u00fcmr\u00fckleme s\u00fcre\u00e7lerinde ve lojistik operasyonlarda veri analiti\u011fi ve izleme ara\u00e7lar\u0131n\u0131 kullanarak daha fazla g\u00f6r\u00fcn\u00fcrl\u00fck ve kontrol sa\u011flama.<\/p>\n\n\n\n<p>S\u00fcrd\u00fcr\u00fclebilirlik \u0130novasyonu: \u00c7evresel etkileri en aza indirecek, enerji tasarruflu ve s\u00fcrd\u00fcr\u00fclebilir lojistik \u00e7\u00f6z\u00fcmleri geli\u015ftirme.<\/p>\n","protected":false},"excerpt":{"rendered":"<p>Teknolojik \u0130novasyon: G\u00fcmr\u00fckleme ve lojistik s\u00fcre\u00e7lerini daha etkili ve verimli hale getirecek teknolojik \u00e7\u00f6z\u00fcmler ve sistemler geli\u015ftirme. S\u00fcre\u00e7 \u0130novasyonu: G\u00fcmr\u00fckleme<\/p>\n","protected":false},"author":1,"featured_media":0,"parent":0,"menu_order":0,"comment_status":"closed","ping_status":"closed","template":"","meta":{"footnotes":""},"class_list":["post-15971","page","type-page","status-publish","hentry"],"_links":{"self":[{"href":"https:\/\/nsngumrukleme.com\/index.php\/wp-json\/wp\/v2\/pages\/15971","targetHints":{"allow":["GET"]}}],"collection":[{"href":"https:\/\/nsngumrukleme.com\/index.php\/wp-json\/wp\/v2\/pages"}],"about":[{"href":"https:\/\/nsngumrukleme.com\/index.php\/wp-json\/wp\/v2\/types\/page"}],"author":[{"embeddable":true,"href":"https:\/\/nsngumrukleme.com\/index.php\/wp-json\/wp\/v2\/users\/1"}],"replies":[{"embeddable":true,"href":"https:\/\/nsngumrukleme.com\/index.php\/wp-json\/wp\/v2\/comments?post=15971"}],"version-history":[{"count":0,"href":"https:\/\/nsngumrukleme.com\/index.php\/wp-json\/wp\/v2\/pages\/15971\/revisions"}],"wp:attachment":[{"href":"https:\/\/nsngumrukleme.com\/index.php\/wp-json\/wp\/v2\/media?parent=15971"}],"curies":[{"name":"wp","href":"https:\/\/api.w.org\/{rel}","templated":true}]}}